{"id":55,"date":"2025-07-03T11:09:45","date_gmt":"2025-07-03T09:09:45","guid":{"rendered":"https:\/\/new.gi-electric.at\/?page_id=55"},"modified":"2025-09-30T09:05:42","modified_gmt":"2025-09-30T07:05:42","slug":"impressum","status":"publish","type":"page","link":"https:\/\/new.gi-electric.at\/en\/impressum\/","title":{"rendered":"Impressum"},"content":{"rendered":"<p><\/p>\n\n\n\n<h1 class=\"wp-block-heading\">Impressum<\/h1>\n\n\n\n<p><strong>Internic Datenkommunikations GmbH<\/strong><br>Puchsbaumplatz 2\/7-8 <br>1100 Wien<br>Austria<\/p>\n\n\n\n<p><strong>Telefon:<\/strong> +43 1 3249685<br><strong>E-Mail:<\/strong> <a>info@gi-electric.at<\/a><br><strong>Web:<\/strong> <a>www.gi-electric.at<\/a><\/p>\n\n\n\n<hr class=\"wp-block-separator has-alpha-channel-opacity\"\/>\n\n\n\n<h2 class=\"wp-block-heading\">Firmenbuch und Rechtliches<\/h2>\n\n\n\n<p>Firmenbuchnummer: FN 181322a<br>Firmenbuchgericht: Handelsgericht Wien<br>UID-Nummer: ATU46980405<\/p>\n\n\n\n<hr class=\"wp-block-separator has-alpha-channel-opacity\"\/>\n\n\n\n<h2 class=\"wp-block-heading\">Gesch\u00e4ftsf\u00fchrung<\/h2>\n\n\n\n<p>Mst. Ing. Andreas Paumann<\/p>\n\n\n\n<hr class=\"wp-block-separator has-alpha-channel-opacity\"\/>\n\n\n\n<h2 class=\"wp-block-heading\">Gewerbeberechtigung<\/h2>\n\n\n\n<p>Berechtigung zur Aus\u00fcbung der Elektrotechnik gem\u00e4\u00df \u00a794 GewO 1994<\/p>\n\n\n\n<hr class=\"wp-block-separator has-alpha-channel-opacity\"\/>\n\n\n\n<h2 class=\"wp-block-heading\">Haftungsausschluss<\/h2>\n\n\n\n<p>Die Inhalte dieser Website wurden mit gr\u00f6\u00dfter Sorgfalt erstellt. F\u00fcr die Richtigkeit, Vollst\u00e4ndigkeit und Aktualit\u00e4t der Inhalte \u00fcbernehmen wir jedoch keine Gew\u00e4hr.<br>Haftungsanspr\u00fcche gegen internic Datenkommunikations GmbH, die sich auf Sch\u00e4den materieller oder ideeller Art beziehen, welche durch die Nutzung oder Nichtnutzung der dargebotenen Informationen bzw. durch die Nutzung fehlerhafter und unvollst\u00e4ndiger Informationen verursacht wurden, sind grunds\u00e4tzlich ausgeschlossen.<\/p>\n\n\n\n<hr class=\"wp-block-separator has-alpha-channel-opacity\"\/>\n\n\n\n<h2 class=\"wp-block-heading\">Datenschutz<\/h2>\n\n\n\n<p>Informationen zum Datenschutz finden Sie in unserer [Datenschutzerkl\u00e4rung].<\/p>\n\n\n\n<p><\/p>\n\n\n\n<p><\/p>","protected":false},"excerpt":{"rendered":"<p>Impressum Internic Datenkommunikations GmbHPuchsbaumplatz 2\/7-8 1100 Wien\u00d6sterreich Telefon: +43 1 3249685E-Mail: info@gi-electric.atWeb: www.gi-electric.at Firmenbuch und Rechtliches Firmenbuchnummer: FN 181322aFirmenbuchgericht: Handelsgericht [&hellip;]<\/p>","protected":false},"author":1,"featured_media":0,"parent":0,"menu_order":0,"comment_status":"closed","ping_status":"closed","template":"","meta":{"site-sidebar-layout":"default","site-content-layout":"","ast-site-content-layout":"default","site-content-style":"default","site-sidebar-style":"default","ast-global-header-display":"","ast-banner-title-visibility":"","ast-main-header-display":"","ast-hfb-above-header-display":"","ast-hfb-below-header-display":"","ast-hfb-mobile-header-display":"","site-post-title":"disabled","ast-breadcrumbs-content":"","ast-featured-img":"","footer-sml-layout":"","theme-transparent-header-meta":"","adv-header-id-meta":"","stick-header-meta":"","header-above-stick-meta":"","header-main-stick-meta":"","header-below-stick-meta":"","astra-migrate-meta-layouts":"default","ast-page-background-enabled":"default","ast-page-background-meta":{"desktop":{"background-color":"var(--ast-global-color-5)","background-image":"","background-repeat":"repeat","background-position":"center center","background-size":"auto","background-attachment":"scroll","background-type":"","background-media":"","overlay-type":"","overlay-color":"","overlay-opacity":"","overlay-gradient":""},"tablet":{"background-color":"","background-image":"","background-repeat":"repeat","background-position":"center center","background-size":"auto","background-attachment":"scroll","background-type":"","background-media":"","overlay-type":"","overlay-color":"","overlay-opacity":"","overlay-gradient":""},"mobile":{"background-color":"","background-image":"","background-repeat":"repeat","background-position":"center center","background-size":"auto","background-attachment":"scroll","background-type":"","background-media":"","overlay-type":"","overlay-color":"","overlay-opacity":"","overlay-gradient":""}},"ast-content-background-meta":{"desktop":{"background-color":"var(--ast-global-color-4)","background-image":"","background-repeat":"repeat","background-position":"center center","background-size":"auto","background-attachment":"scroll","background-type":"","background-media":"","overlay-type":"","overlay-color":"","overlay-opacity":"","overlay-gradient":""},"tablet":{"background-color":"var(--ast-global-color-4)","background-image":"","background-repeat":"repeat","background-position":"center center","background-size":"auto","background-attachment":"scroll","background-type":"","background-media":"","overlay-type":"","overlay-color":"","overlay-opacity":"","overlay-gradient":""},"mobile":{"background-color":"var(--ast-global-color-4)","background-image":"","background-repeat":"repeat","background-position":"center center","background-size":"auto","background-attachment":"scroll","background-type":"","background-media":"","overlay-type":"","overlay-color":"","overlay-opacity":"","overlay-gradient":""}},"footnotes":""},"class_list":["post-55","page","type-page","status-publish","hentry"],"yoast_head":"<!-- This site is optimized with the Yoast SEO plugin v26.0 - https:\/\/yoast.com\/wordpress\/plugins\/seo\/ -->\n<title>Impressum - Ihr Elektriker - Wir haben die L\u00f6sung !<\/title>\n<meta name=\"robots\" content=\"index, follow, max-snippet:-1, max-image-preview:large, max-video-preview:-1\" \/>\n<link rel=\"canonical\" href=\"https:\/\/new.gi-electric.at\/en\/impressum\/\" \/>\n<meta property=\"og:locale\" content=\"en_US\" \/>\n<meta property=\"og:type\" content=\"article\" \/>\n<meta property=\"og:title\" content=\"Impressum - Ihr Elektriker - Wir haben die L\u00f6sung !\" \/>\n<meta property=\"og:description\" content=\"Impressum Internic Datenkommunikations GmbHPuchsbaumplatz 2\/7-8 1100 Wien\u00d6sterreich Telefon: +43 1 3249685E-Mail: info@gi-electric.atWeb: www.gi-electric.at Firmenbuch und Rechtliches Firmenbuchnummer: FN 181322aFirmenbuchgericht: Handelsgericht [&hellip;]\" \/>\n<meta property=\"og:url\" content=\"https:\/\/new.gi-electric.at\/en\/impressum\/\" \/>\n<meta property=\"og:site_name\" content=\"Ihr Elektriker - Wir haben die L\u00f6sung !\" \/>\n<meta property=\"article:modified_time\" content=\"2025-09-30T07:05:42+00:00\" \/>\n<meta name=\"twitter:card\" content=\"summary_large_image\" \/>\n<meta name=\"twitter:label1\" content=\"Est. reading time\" \/>\n\t<meta name=\"twitter:data1\" content=\"1 minute\" \/>\n<script type=\"application\/ld+json\" class=\"yoast-schema-graph\">{\"@context\":\"https:\/\/schema.org\",\"@graph\":[{\"@type\":\"WebPage\",\"@id\":\"https:\/\/new.gi-electric.at\/impressum\/\",\"url\":\"https:\/\/new.gi-electric.at\/impressum\/\",\"name\":\"Impressum - Ihr Elektriker - Wir haben die L\u00f6sung !\",\"isPartOf\":{\"@id\":\"https:\/\/new.gi-electric.at\/de_at\/#website\"},\"datePublished\":\"2025-07-03T09:09:45+00:00\",\"dateModified\":\"2025-09-30T07:05:42+00:00\",\"breadcrumb\":{\"@id\":\"https:\/\/new.gi-electric.at\/impressum\/#breadcrumb\"},\"inLanguage\":\"en-US\",\"potentialAction\":[{\"@type\":\"ReadAction\",\"target\":[\"https:\/\/new.gi-electric.at\/impressum\/\"]}]},{\"@type\":\"BreadcrumbList\",\"@id\":\"https:\/\/new.gi-electric.at\/impressum\/#breadcrumb\",\"itemListElement\":[{\"@type\":\"ListItem\",\"position\":1,\"name\":\"Startseite\",\"item\":\"https:\/\/new.gi-electric.at\/de_at\/\"},{\"@type\":\"ListItem\",\"position\":2,\"name\":\"Impressum\"}]},{\"@type\":\"WebSite\",\"@id\":\"https:\/\/new.gi-electric.at\/de_at\/#website\",\"url\":\"https:\/\/new.gi-electric.at\/de_at\/\",\"name\":\"Ihr Elektriker - Wir haben die L\u00f6sung !\",\"description\":\"In Raum Wien und Nieder\u00f6sterreich, Elektriker, Elektroarbeit, E-Befund, Pv-Anlage, Alarmanlage, zuverl\u00e4sslich, immer erreichbar\",\"publisher\":{\"@id\":\"https:\/\/new.gi-electric.at\/de_at\/#organization\"},\"potentialAction\":[{\"@type\":\"SearchAction\",\"target\":{\"@type\":\"EntryPoint\",\"urlTemplate\":\"https:\/\/new.gi-electric.at\/de_at\/?s={search_term_string}\"},\"query-input\":{\"@type\":\"PropertyValueSpecification\",\"valueRequired\":true,\"valueName\":\"search_term_string\"}}],\"inLanguage\":\"en-US\"},{\"@type\":\"Organization\",\"@id\":\"https:\/\/new.gi-electric.at\/de_at\/#organization\",\"name\":\"Gi-Electric | Internic GMBH\",\"url\":\"https:\/\/new.gi-electric.at\/de_at\/\",\"logo\":{\"@type\":\"ImageObject\",\"inLanguage\":\"en-US\",\"@id\":\"https:\/\/new.gi-electric.at\/de_at\/#\/schema\/logo\/image\/\",\"url\":\"https:\/\/new.gi-electric.at\/wp-content\/uploads\/2025\/07\/cropped-gixlogo-1.png\",\"contentUrl\":\"https:\/\/new.gi-electric.at\/wp-content\/uploads\/2025\/07\/cropped-gixlogo-1.png\",\"width\":124,\"height\":75,\"caption\":\"Gi-Electric | Internic GMBH\"},\"image\":{\"@id\":\"https:\/\/new.gi-electric.at\/de_at\/#\/schema\/logo\/image\/\"}}]}<\/script>\n<!-- \/ Yoast SEO plugin. -->","yoast_head_json":{"title":"Impressum - Ihr Elektriker - Wir haben die L\u00f6sung !","robots":{"index":"index","follow":"follow","max-snippet":"max-snippet:-1","max-image-preview":"max-image-preview:large","max-video-preview":"max-video-preview:-1"},"canonical":"https:\/\/new.gi-electric.at\/en\/impressum\/","og_locale":"en_US","og_type":"article","og_title":"Impressum - Ihr Elektriker - Wir haben die L\u00f6sung !","og_description":"Impressum Internic Datenkommunikations GmbHPuchsbaumplatz 2\/7-8 1100 Wien\u00d6sterreich Telefon: +43 1 3249685E-Mail: info@gi-electric.atWeb: www.gi-electric.at Firmenbuch und Rechtliches Firmenbuchnummer: FN 181322aFirmenbuchgericht: Handelsgericht [&hellip;]","og_url":"https:\/\/new.gi-electric.at\/en\/impressum\/","og_site_name":"Ihr Elektriker - Wir haben die L\u00f6sung !","article_modified_time":"2025-09-30T07:05:42+00:00","twitter_card":"summary_large_image","twitter_misc":{"Est. reading time":"1 minute"},"schema":{"@context":"https:\/\/schema.org","@graph":[{"@type":"WebPage","@id":"https:\/\/new.gi-electric.at\/impressum\/","url":"https:\/\/new.gi-electric.at\/impressum\/","name":"Impressum - Ihr Elektriker - Wir haben die L\u00f6sung !","isPartOf":{"@id":"https:\/\/new.gi-electric.at\/de_at\/#website"},"datePublished":"2025-07-03T09:09:45+00:00","dateModified":"2025-09-30T07:05:42+00:00","breadcrumb":{"@id":"https:\/\/new.gi-electric.at\/impressum\/#breadcrumb"},"inLanguage":"en-US","potentialAction":[{"@type":"ReadAction","target":["https:\/\/new.gi-electric.at\/impressum\/"]}]},{"@type":"BreadcrumbList","@id":"https:\/\/new.gi-electric.at\/impressum\/#breadcrumb","itemListElement":[{"@type":"ListItem","position":1,"name":"Startseite","item":"https:\/\/new.gi-electric.at\/de_at\/"},{"@type":"ListItem","position":2,"name":"Impressum"}]},{"@type":"WebSite","@id":"https:\/\/new.gi-electric.at\/de_at\/#website","url":"https:\/\/new.gi-electric.at\/de_at\/","name":"Your electrician - We have the solution!","description":"In Raum Wien und Nieder\u00f6sterreich, Elektriker, Elektroarbeit, E-Befund, Pv-Anlage, Alarmanlage, zuverl\u00e4sslich, immer erreichbar","publisher":{"@id":"https:\/\/new.gi-electric.at\/de_at\/#organization"},"potentialAction":[{"@type":"SearchAction","target":{"@type":"EntryPoint","urlTemplate":"https:\/\/new.gi-electric.at\/de_at\/?s={search_term_string}"},"query-input":{"@type":"PropertyValueSpecification","valueRequired":true,"valueName":"search_term_string"}}],"inLanguage":"en-US"},{"@type":"Organization","@id":"https:\/\/new.gi-electric.at\/de_at\/#organization","name":"Gi-Electric | Internic GMBH","url":"https:\/\/new.gi-electric.at\/de_at\/","logo":{"@type":"ImageObject","inLanguage":"en-US","@id":"https:\/\/new.gi-electric.at\/de_at\/#\/schema\/logo\/image\/","url":"https:\/\/new.gi-electric.at\/wp-content\/uploads\/2025\/07\/cropped-gixlogo-1.png","contentUrl":"https:\/\/new.gi-electric.at\/wp-content\/uploads\/2025\/07\/cropped-gixlogo-1.png","width":124,"height":75,"caption":"Gi-Electric | Internic GMBH"},"image":{"@id":"https:\/\/new.gi-electric.at\/de_at\/#\/schema\/logo\/image\/"}}]}},"jetpack_sharing_enabled":true,"_links":{"self":[{"href":"https:\/\/new.gi-electric.at\/en\/wp-json\/wp\/v2\/pages\/55","targetHints":{"allow":["GET"]}}],"collection":[{"href":"https:\/\/new.gi-electric.at\/en\/wp-json\/wp\/v2\/pages"}],"about":[{"href":"https:\/\/new.gi-electric.at\/en\/wp-json\/wp\/v2\/types\/page"}],"author":[{"embeddable":true,"href":"https:\/\/new.gi-electric.at\/en\/wp-json\/wp\/v2\/users\/1"}],"replies":[{"embeddable":true,"href":"https:\/\/new.gi-electric.at\/en\/wp-json\/wp\/v2\/comments?post=55"}],"version-history":[{"count":4,"href":"https:\/\/new.gi-electric.at\/en\/wp-json\/wp\/v2\/pages\/55\/revisions"}],"predecessor-version":[{"id":334,"href":"https:\/\/new.gi-electric.at\/en\/wp-json\/wp\/v2\/pages\/55\/revisions\/334"}],"wp:attachment":[{"href":"https:\/\/new.gi-electric.at\/en\/wp-json\/wp\/v2\/media?parent=55"}],"curies":[{"name":"wp","href":"https:\/\/api.w.org\/{rel}","templated":true}]}}