{"id":30,"date":"2025-07-02T15:49:52","date_gmt":"2025-07-02T13:49:52","guid":{"rendered":"https:\/\/new.gi-electric.at\/?page_id=30"},"modified":"2025-09-30T09:06:18","modified_gmt":"2025-09-30T07:06:18","slug":"kontakt","status":"publish","type":"page","link":"https:\/\/new.gi-electric.at\/de_at\/kontakt\/","title":{"rendered":"Kontakt"},"content":{"rendered":"\n<p><\/p>\n\n\n\n<h1 class=\"wp-block-heading\">\ud83d\udcde Wir sind f\u00fcr Sie da!<\/h1>\n\n\n\n<p>Haben Sie Fragen zu unseren Leistungen oder m\u00f6chten Sie ein unverbindliches Angebot?<br>Unser Team von GI Electric ist gerne f\u00fcr Sie da \u2013 schnell, kompetent und pers\u00f6nlich.<\/p>\n\n\n\n<hr class=\"wp-block-separator has-alpha-channel-opacity\"\/>\n\n\n\n<h1 class=\"wp-block-heading\">\ud83d\udd52 Unsere \u00d6ffnungszeiten<\/h1>\n\n\n\n<p>Montag \u2013 Freitag: 09:00 \u2013 17:00 Uhr<br>Samstag, Sonntag &amp; Feiertage: Nach R\u00fccksprache<\/p>\n\n\n\n<hr class=\"wp-block-separator has-alpha-channel-opacity\"\/>\n\n\n\n<h1 class=\"wp-block-heading\">\ud83d\udccd Unsere Standorte<\/h1>\n\n\n\n<p><strong>Hauptsitz Wien<\/strong><br>Puchsbaumplatz 2\/7-8<br>1100 Wien<br>\u00d6sterreich<\/p>\n\n\n\n<p><strong>Niederlassung Gro\u00dfinzersdorf<\/strong><br>Gro\u00dfinzersdorf 137<br>2225 Gro\u00dfinzersdorf<br>\u00d6sterreich<\/p>\n\n\n\n<hr class=\"wp-block-separator has-alpha-channel-opacity\"\/>\n\n\n\n<h1 class=\"wp-block-heading\">\ud83d\udcde Telefon &amp; E-Mail<\/h1>\n\n\n\n<p>Telefon: +43 1 324 96 85<br>Mobil: +43 664 91 70 0 16<br>E-Mail: <a>info@gi-electric.at<\/a><\/p>\n\n\n\n<p><\/p>\n\n\n\n<hr class=\"wp-block-separator has-alpha-channel-opacity\"\/>\n\n\n\n<h1 class=\"wp-block-heading\">\ud83d\ude97 Anfahrt &amp; Parkm\u00f6glichkeiten<\/h1>\n\n\n\n<p>Unsere Filialen sind gut erreichbar \u2013 mit \u00f6ffentlichen Verkehrsmitteln und PKW.<br>Parkpl\u00e4tze sind direkt vor Ort vorhanden.<\/p>\n\n\n\n<hr class=\"wp-block-separator has-alpha-channel-opacity\"\/>\n\n\n\n<h1 class=\"wp-block-heading\">\ud83d\udd12 Datenschutz<\/h1>\n\n\n\n<p>Ihre Daten werden selbstverst\u00e4ndlich vertraulich behandelt und nicht an Dritte weitergegeben. Weitere Informationen finden Sie in unserer Datenschutzerkl\u00e4rung.<\/p>\n\n\n\n<p><\/p>\n\n\n\n<p><\/p>\n","protected":false},"excerpt":{"rendered":"<p>\ud83d\udcde Wir sind f\u00fcr Sie da! Haben Sie Fragen zu unseren Leistungen oder m\u00f6chten Sie ein unverbindliches Angebot?Unser Team von [&hellip;]<\/p>\n","protected":false},"author":1,"featured_media":0,"parent":0,"menu_order":0,"comment_status":"closed","ping_status":"closed","template":"","meta":{"site-sidebar-layout":"default","site-content-layout":"","ast-site-content-layout":"default","site-content-style":"default","site-sidebar-style":"default","ast-global-header-display":"","ast-banner-title-visibility":"","ast-main-header-display":"","ast-hfb-above-header-display":"","ast-hfb-below-header-display":"","ast-hfb-mobile-header-display":"","site-post-title":"disabled","ast-breadcrumbs-content":"","ast-featured-img":"","footer-sml-layout":"","theme-transparent-header-meta":"","adv-header-id-meta":"","stick-header-meta":"","header-above-stick-meta":"","header-main-stick-meta":"","header-below-stick-meta":"","astra-migrate-meta-layouts":"default","ast-page-background-enabled":"default","ast-page-background-meta":{"desktop":{"background-color":"var(--ast-global-color-5)","background-image":"","background-repeat":"repeat","background-position":"center center","background-size":"auto","background-attachment":"scroll","background-type":"","background-media":"","overlay-type":"","overlay-color":"","overlay-opacity":"","overlay-gradient":""},"tablet":{"background-color":"","background-image":"","background-repeat":"repeat","background-position":"center center","background-size":"auto","background-attachment":"scroll","background-type":"","background-media":"","overlay-type":"","overlay-color":"","overlay-opacity":"","overlay-gradient":""},"mobile":{"background-color":"","background-image":"","background-repeat":"repeat","background-position":"center center","background-size":"auto","background-attachment":"scroll","background-type":"","background-media":"","overlay-type":"","overlay-color":"","overlay-opacity":"","overlay-gradient":""}},"ast-content-background-meta":{"desktop":{"background-color":"var(--ast-global-color-4)","background-image":"","background-repeat":"repeat","background-position":"center center","background-size":"auto","background-attachment":"scroll","background-type":"","background-media":"","overlay-type":"","overlay-color":"","overlay-opacity":"","overlay-gradient":""},"tablet":{"background-color":"var(--ast-global-color-4)","background-image":"","background-repeat":"repeat","background-position":"center center","background-size":"auto","background-attachment":"scroll","background-type":"","background-media":"","overlay-type":"","overlay-color":"","overlay-opacity":"","overlay-gradient":""},"mobile":{"background-color":"var(--ast-global-color-4)","background-image":"","background-repeat":"repeat","background-position":"center center","background-size":"auto","background-attachment":"scroll","background-type":"","background-media":"","overlay-type":"","overlay-color":"","overlay-opacity":"","overlay-gradient":""}},"footnotes":""},"class_list":["post-30","page","type-page","status-publish","hentry"],"yoast_head":"<!-- This site is optimized with the Yoast SEO plugin v26.0 - https:\/\/yoast.com\/wordpress\/plugins\/seo\/ -->\n<title>Kontakt - Ihr Elektriker - Wir haben die L\u00f6sung !<\/title>\n<meta name=\"robots\" content=\"index, follow, max-snippet:-1, max-image-preview:large, max-video-preview:-1\" \/>\n<link rel=\"canonical\" href=\"https:\/\/new.gi-electric.at\/de_at\/kontakt\/\" \/>\n<meta property=\"og:locale\" content=\"de_DE\" \/>\n<meta property=\"og:type\" content=\"article\" \/>\n<meta property=\"og:title\" content=\"Kontakt - Ihr Elektriker - Wir haben die L\u00f6sung !\" \/>\n<meta property=\"og:description\" content=\"\ud83d\udcde Wir sind f\u00fcr Sie da! Haben Sie Fragen zu unseren Leistungen oder m\u00f6chten Sie ein unverbindliches Angebot?Unser Team von [&hellip;]\" \/>\n<meta property=\"og:url\" content=\"https:\/\/new.gi-electric.at\/de_at\/kontakt\/\" \/>\n<meta property=\"og:site_name\" content=\"Ihr Elektriker - Wir haben die L\u00f6sung !\" \/>\n<meta property=\"article:modified_time\" content=\"2025-09-30T07:06:18+00:00\" \/>\n<meta name=\"twitter:card\" content=\"summary_large_image\" \/>\n<meta name=\"twitter:label1\" content=\"Gesch\u00e4tzte Lesezeit\" \/>\n\t<meta name=\"twitter:data1\" content=\"1 Minute\" \/>\n<script type=\"application\/ld+json\" class=\"yoast-schema-graph\">{\"@context\":\"https:\/\/schema.org\",\"@graph\":[{\"@type\":\"WebPage\",\"@id\":\"https:\/\/new.gi-electric.at\/kontakt\/\",\"url\":\"https:\/\/new.gi-electric.at\/kontakt\/\",\"name\":\"Kontakt - Ihr Elektriker - Wir haben die L\u00f6sung !\",\"isPartOf\":{\"@id\":\"https:\/\/new.gi-electric.at\/de_at\/#website\"},\"datePublished\":\"2025-07-02T13:49:52+00:00\",\"dateModified\":\"2025-09-30T07:06:18+00:00\",\"breadcrumb\":{\"@id\":\"https:\/\/new.gi-electric.at\/kontakt\/#breadcrumb\"},\"inLanguage\":\"de-AT\",\"potentialAction\":[{\"@type\":\"ReadAction\",\"target\":[\"https:\/\/new.gi-electric.at\/kontakt\/\"]}]},{\"@type\":\"BreadcrumbList\",\"@id\":\"https:\/\/new.gi-electric.at\/kontakt\/#breadcrumb\",\"itemListElement\":[{\"@type\":\"ListItem\",\"position\":1,\"name\":\"Startseite\",\"item\":\"https:\/\/new.gi-electric.at\/de_at\/\"},{\"@type\":\"ListItem\",\"position\":2,\"name\":\"Kontakt\"}]},{\"@type\":\"WebSite\",\"@id\":\"https:\/\/new.gi-electric.at\/de_at\/#website\",\"url\":\"https:\/\/new.gi-electric.at\/de_at\/\",\"name\":\"Ihr Elektriker - Wir haben die L\u00f6sung !\",\"description\":\"In Raum Wien und Nieder\u00f6sterreich, Elektriker, Elektroarbeit, E-Befund, Pv-Anlage, Alarmanlage, zuverl\u00e4sslich, immer erreichbar\",\"publisher\":{\"@id\":\"https:\/\/new.gi-electric.at\/de_at\/#organization\"},\"potentialAction\":[{\"@type\":\"SearchAction\",\"target\":{\"@type\":\"EntryPoint\",\"urlTemplate\":\"https:\/\/new.gi-electric.at\/de_at\/?s={search_term_string}\"},\"query-input\":{\"@type\":\"PropertyValueSpecification\",\"valueRequired\":true,\"valueName\":\"search_term_string\"}}],\"inLanguage\":\"de-AT\"},{\"@type\":\"Organization\",\"@id\":\"https:\/\/new.gi-electric.at\/de_at\/#organization\",\"name\":\"Gi-Electric | Internic GMBH\",\"url\":\"https:\/\/new.gi-electric.at\/de_at\/\",\"logo\":{\"@type\":\"ImageObject\",\"inLanguage\":\"de-AT\",\"@id\":\"https:\/\/new.gi-electric.at\/de_at\/#\/schema\/logo\/image\/\",\"url\":\"https:\/\/new.gi-electric.at\/wp-content\/uploads\/2025\/07\/cropped-gixlogo-1.png\",\"contentUrl\":\"https:\/\/new.gi-electric.at\/wp-content\/uploads\/2025\/07\/cropped-gixlogo-1.png\",\"width\":124,\"height\":75,\"caption\":\"Gi-Electric | Internic GMBH\"},\"image\":{\"@id\":\"https:\/\/new.gi-electric.at\/de_at\/#\/schema\/logo\/image\/\"}}]}<\/script>\n<!-- \/ Yoast SEO plugin. -->","yoast_head_json":{"title":"Kontakt - Ihr Elektriker - Wir haben die L\u00f6sung !","robots":{"index":"index","follow":"follow","max-snippet":"max-snippet:-1","max-image-preview":"max-image-preview:large","max-video-preview":"max-video-preview:-1"},"canonical":"https:\/\/new.gi-electric.at\/de_at\/kontakt\/","og_locale":"de_DE","og_type":"article","og_title":"Kontakt - Ihr Elektriker - Wir haben die L\u00f6sung !","og_description":"\ud83d\udcde Wir sind f\u00fcr Sie da! Haben Sie Fragen zu unseren Leistungen oder m\u00f6chten Sie ein unverbindliches Angebot?Unser Team von [&hellip;]","og_url":"https:\/\/new.gi-electric.at\/de_at\/kontakt\/","og_site_name":"Ihr Elektriker - Wir haben die L\u00f6sung !","article_modified_time":"2025-09-30T07:06:18+00:00","twitter_card":"summary_large_image","twitter_misc":{"Gesch\u00e4tzte Lesezeit":"1 Minute"},"schema":{"@context":"https:\/\/schema.org","@graph":[{"@type":"WebPage","@id":"https:\/\/new.gi-electric.at\/kontakt\/","url":"https:\/\/new.gi-electric.at\/kontakt\/","name":"Kontakt - Ihr Elektriker - Wir haben die L\u00f6sung !","isPartOf":{"@id":"https:\/\/new.gi-electric.at\/de_at\/#website"},"datePublished":"2025-07-02T13:49:52+00:00","dateModified":"2025-09-30T07:06:18+00:00","breadcrumb":{"@id":"https:\/\/new.gi-electric.at\/kontakt\/#breadcrumb"},"inLanguage":"de-AT","potentialAction":[{"@type":"ReadAction","target":["https:\/\/new.gi-electric.at\/kontakt\/"]}]},{"@type":"BreadcrumbList","@id":"https:\/\/new.gi-electric.at\/kontakt\/#breadcrumb","itemListElement":[{"@type":"ListItem","position":1,"name":"Startseite","item":"https:\/\/new.gi-electric.at\/de_at\/"},{"@type":"ListItem","position":2,"name":"Kontakt"}]},{"@type":"WebSite","@id":"https:\/\/new.gi-electric.at\/de_at\/#website","url":"https:\/\/new.gi-electric.at\/de_at\/","name":"Ihr Elektriker - Wir haben die L\u00f6sung !","description":"In Raum Wien und Nieder\u00f6sterreich, Elektriker, Elektroarbeit, E-Befund, Pv-Anlage, Alarmanlage, zuverl\u00e4sslich, immer erreichbar","publisher":{"@id":"https:\/\/new.gi-electric.at\/de_at\/#organization"},"potentialAction":[{"@type":"SearchAction","target":{"@type":"EntryPoint","urlTemplate":"https:\/\/new.gi-electric.at\/de_at\/?s={search_term_string}"},"query-input":{"@type":"PropertyValueSpecification","valueRequired":true,"valueName":"search_term_string"}}],"inLanguage":"de-AT"},{"@type":"Organization","@id":"https:\/\/new.gi-electric.at\/de_at\/#organization","name":"Gi-Electric | Internic GMBH","url":"https:\/\/new.gi-electric.at\/de_at\/","logo":{"@type":"ImageObject","inLanguage":"de-AT","@id":"https:\/\/new.gi-electric.at\/de_at\/#\/schema\/logo\/image\/","url":"https:\/\/new.gi-electric.at\/wp-content\/uploads\/2025\/07\/cropped-gixlogo-1.png","contentUrl":"https:\/\/new.gi-electric.at\/wp-content\/uploads\/2025\/07\/cropped-gixlogo-1.png","width":124,"height":75,"caption":"Gi-Electric | Internic GMBH"},"image":{"@id":"https:\/\/new.gi-electric.at\/de_at\/#\/schema\/logo\/image\/"}}]}},"jetpack_sharing_enabled":true,"_links":{"self":[{"href":"https:\/\/new.gi-electric.at\/de_at\/wp-json\/wp\/v2\/pages\/30","targetHints":{"allow":["GET"]}}],"collection":[{"href":"https:\/\/new.gi-electric.at\/de_at\/wp-json\/wp\/v2\/pages"}],"about":[{"href":"https:\/\/new.gi-electric.at\/de_at\/wp-json\/wp\/v2\/types\/page"}],"author":[{"embeddable":true,"href":"https:\/\/new.gi-electric.at\/de_at\/wp-json\/wp\/v2\/users\/1"}],"replies":[{"embeddable":true,"href":"https:\/\/new.gi-electric.at\/de_at\/wp-json\/wp\/v2\/comments?post=30"}],"version-history":[{"count":6,"href":"https:\/\/new.gi-electric.at\/de_at\/wp-json\/wp\/v2\/pages\/30\/revisions"}],"predecessor-version":[{"id":335,"href":"https:\/\/new.gi-electric.at\/de_at\/wp-json\/wp\/v2\/pages\/30\/revisions\/335"}],"wp:attachment":[{"href":"https:\/\/new.gi-electric.at\/de_at\/wp-json\/wp\/v2\/media?parent=30"}],"curies":[{"name":"wp","href":"https:\/\/api.w.org\/{rel}","templated":true}]}}