{"id":21,"date":"2025-07-02T15:49:11","date_gmt":"2025-07-02T13:49:11","guid":{"rendered":"https:\/\/new.gi-electric.at\/?page_id=21"},"modified":"2025-09-30T13:44:38","modified_gmt":"2025-09-30T11:44:38","slug":"ueber-uns","status":"publish","type":"page","link":"https:\/\/new.gi-electric.at\/de_at\/ueber-uns\/","title":{"rendered":"\u00dcber uns"},"content":{"rendered":"\n<h1 class=\"wp-block-heading\">\ud83d\udc68\u200d\ud83d\udd27\ud83d\udc69\u200d\ud83d\udd27\u00dcber uns<\/h1>\n\n\n\n<p>GI Electric ist eine Marke der Internic Datenkommunikations GmbH und steht f\u00fcr innovative Elektrotechnik, moderne Smart Home-L\u00f6sungen und professionelle Industrieautomatisierung in \u00d6sterreich.<\/p>\n\n\n\n<p>Mit unserem erfahrenen Team aus zertifizierten Elektrikern und Technikern verbinden wir traditionelles Handwerk mit den neuesten Technologien. Unser Ziel ist es, Ihnen ma\u00dfgeschneiderte L\u00f6sungen zu bieten \u2013 sei es bei der Elektroinstallation, Photovoltaik, Smart Home oder intelligentem GRID-Management.<\/p>\n\n\n\n<p>Als Teil der Internic Datenkommunikations GmbH profitieren wir von einem starken Netzwerk und umfassendem Know-how in den Bereichen Elektrotechnik und IT. Dadurch k\u00f6nnen wir unseren Kunden ganzheitliche, zukunftssichere L\u00f6sungen aus einer Hand anbieten.<\/p>\n\n\n\n<p><strong>Unsere Werte:<\/strong><\/p>\n\n\n\n<ul class=\"wp-block-list\">\n<li>Qualit\u00e4t und Zuverl\u00e4ssigkeit<\/li>\n\n\n\n<li>Innovation und Nachhaltigkeit<\/li>\n\n\n\n<li>Kundenn\u00e4he und transparente Kommunikation<\/li>\n<\/ul>\n\n\n\n<p>Wir freuen uns darauf, auch Ihr Projekt mit Leidenschaft und Kompetenz umzusetzen.<\/p>\n\n\n\n<p><\/p>\n\n\n\n<hr class=\"wp-block-separator has-alpha-channel-opacity\"\/>\n\n\n\n<h1 class=\"wp-block-heading\">Mehr als nur Strom \u2013 wir denken weiter<\/h1>\n\n\n\n<p>Gute Elektroarbeit ist f\u00fcr uns mehr als das Verlegen von Kabeln. Wir denken mit, beraten vorausschauend und bringen Ihre W\u00fcnsche mit der Technik von heute und morgen in Einklang. Ob energiesparende L\u00f6sungen, F\u00f6rderm\u00f6glichkeiten f\u00fcr Photovoltaik oder intelligente Haussteuerung \u2013 wir finden gemeinsam mit Ihnen die beste L\u00f6sung.<\/p>\n\n\n\n<p><strong>Nachhaltigkeit, Effizienz und Komfort stehen bei uns im Fokus.<\/strong><\/p>\n\n\n\n<div class=\"wp-block-cover alignfull is-light\" style=\"min-height:123px;aspect-ratio:unset;\"><img loading=\"lazy\" decoding=\"async\" width=\"1024\" height=\"561\" class=\"wp-block-cover__image-background wp-image-41 size-large\" alt=\"\" src=\"https:\/\/new.gi-electric.at\/wp-content\/uploads\/2025\/07\/electricity-1968982_1280-1024x561.png\" data-object-fit=\"cover\" srcset=\"https:\/\/new.gi-electric.at\/wp-content\/uploads\/2025\/07\/electricity-1968982_1280-1024x561.png 1024w, https:\/\/new.gi-electric.at\/wp-content\/uploads\/2025\/07\/electricity-1968982_1280-300x164.png 300w, https:\/\/new.gi-electric.at\/wp-content\/uploads\/2025\/07\/electricity-1968982_1280-768x421.png 768w, https:\/\/new.gi-electric.at\/wp-content\/uploads\/2025\/07\/electricity-1968982_1280.png 1280w\" sizes=\"auto, (max-width: 1024px) 100vw, 1024px\" \/><span aria-hidden=\"true\" class=\"wp-block-cover__background has-background-dim\" style=\"background-color:#f7f6f5\"><\/span><div class=\"wp-block-cover__inner-container is-layout-constrained wp-block-cover-is-layout-constrained\">\n<p class=\"has-text-align-center has-large-font-size\">GI-ELECTRIC eine Marke der Internic<\/p>\n\n\n\n<p><\/p>\n<\/div><\/div>\n\n\n\n<p><\/p>\n","protected":false},"excerpt":{"rendered":"<p>\ud83d\udc68\u200d\ud83d\udd27\ud83d\udc69\u200d\ud83d\udd27\u00dcber uns GI Electric ist eine Marke der Internic Datenkommunikations GmbH und steht f\u00fcr innovative Elektrotechnik, moderne Smart Home-L\u00f6sungen und [&hellip;]<\/p>\n","protected":false},"author":1,"featured_media":0,"parent":0,"menu_order":0,"comment_status":"closed","ping_status":"closed","template":"","meta":{"site-sidebar-layout":"default","site-content-layout":"","ast-site-content-layout":"default","site-content-style":"default","site-sidebar-style":"default","ast-global-header-display":"","ast-banner-title-visibility":"","ast-main-header-display":"","ast-hfb-above-header-display":"","ast-hfb-below-header-display":"","ast-hfb-mobile-header-display":"","site-post-title":"disabled","ast-breadcrumbs-content":"","ast-featured-img":"","footer-sml-layout":"","theme-transparent-header-meta":"","adv-header-id-meta":"","stick-header-meta":"","header-above-stick-meta":"","header-main-stick-meta":"","header-below-stick-meta":"","astra-migrate-meta-layouts":"default","ast-page-background-enabled":"default","ast-page-background-meta":{"desktop":{"background-color":"var(--ast-global-color-5)","background-image":"","background-repeat":"repeat","background-position":"center center","background-size":"auto","background-attachment":"scroll","background-type":"","background-media":"","overlay-type":"","overlay-color":"","overlay-opacity":"","overlay-gradient":""},"tablet":{"background-color":"","background-image":"","background-repeat":"repeat","background-position":"center center","background-size":"auto","background-attachment":"scroll","background-type":"","background-media":"","overlay-type":"","overlay-color":"","overlay-opacity":"","overlay-gradient":""},"mobile":{"background-color":"","background-image":"","background-repeat":"repeat","background-position":"center center","background-size":"auto","background-attachment":"scroll","background-type":"","background-media":"","overlay-type":"","overlay-color":"","overlay-opacity":"","overlay-gradient":""}},"ast-content-background-meta":{"desktop":{"background-color":"var(--ast-global-color-4)","background-image":"","background-repeat":"repeat","background-position":"center center","background-size":"auto","background-attachment":"scroll","background-type":"","background-media":"","overlay-type":"","overlay-color":"","overlay-opacity":"","overlay-gradient":""},"tablet":{"background-color":"var(--ast-global-color-4)","background-image":"","background-repeat":"repeat","background-position":"center center","background-size":"auto","background-attachment":"scroll","background-type":"","background-media":"","overlay-type":"","overlay-color":"","overlay-opacity":"","overlay-gradient":""},"mobile":{"background-color":"var(--ast-global-color-4)","background-image":"","background-repeat":"repeat","background-position":"center center","background-size":"auto","background-attachment":"scroll","background-type":"","background-media":"","overlay-type":"","overlay-color":"","overlay-opacity":"","overlay-gradient":""}},"footnotes":""},"class_list":["post-21","page","type-page","status-publish","hentry"],"yoast_head":"<!-- This site is optimized with the Yoast SEO plugin v26.0 - https:\/\/yoast.com\/wordpress\/plugins\/seo\/ -->\n<title>\u00dcber uns - Ihr Elektriker - Wir haben die L\u00f6sung !<\/title>\n<meta name=\"robots\" content=\"index, follow, max-snippet:-1, max-image-preview:large, max-video-preview:-1\" \/>\n<link rel=\"canonical\" href=\"https:\/\/new.gi-electric.at\/de_at\/ueber-uns\/\" \/>\n<meta property=\"og:locale\" content=\"de_DE\" \/>\n<meta property=\"og:type\" content=\"article\" \/>\n<meta property=\"og:title\" content=\"\u00dcber uns - Ihr Elektriker - Wir haben die L\u00f6sung !\" \/>\n<meta property=\"og:description\" content=\"\ud83d\udc68\u200d\ud83d\udd27\ud83d\udc69\u200d\ud83d\udd27\u00dcber uns GI Electric ist eine Marke der Internic Datenkommunikations GmbH und steht f\u00fcr innovative Elektrotechnik, moderne Smart Home-L\u00f6sungen und [&hellip;]\" \/>\n<meta property=\"og:url\" content=\"https:\/\/new.gi-electric.at\/de_at\/ueber-uns\/\" \/>\n<meta property=\"og:site_name\" content=\"Ihr Elektriker - Wir haben die L\u00f6sung !\" \/>\n<meta property=\"article:modified_time\" content=\"2025-09-30T11:44:38+00:00\" \/>\n<meta property=\"og:image\" content=\"https:\/\/new.gi-electric.at\/wp-content\/uploads\/2025\/07\/electricity-1968982_1280.png\" \/>\n\t<meta property=\"og:image:width\" content=\"1280\" \/>\n\t<meta property=\"og:image:height\" content=\"701\" \/>\n\t<meta property=\"og:image:type\" content=\"image\/png\" \/>\n<meta name=\"twitter:card\" content=\"summary_large_image\" \/>\n<meta name=\"twitter:label1\" content=\"Gesch\u00e4tzte Lesezeit\" \/>\n\t<meta name=\"twitter:data1\" content=\"1 Minute\" \/>\n<script type=\"application\/ld+json\" class=\"yoast-schema-graph\">{\"@context\":\"https:\/\/schema.org\",\"@graph\":[{\"@type\":\"WebPage\",\"@id\":\"https:\/\/new.gi-electric.at\/ueber-uns\/\",\"url\":\"https:\/\/new.gi-electric.at\/ueber-uns\/\",\"name\":\"\u00dcber uns - Ihr Elektriker - Wir haben die L\u00f6sung !\",\"isPartOf\":{\"@id\":\"https:\/\/new.gi-electric.at\/de_at\/#website\"},\"primaryImageOfPage\":{\"@id\":\"https:\/\/new.gi-electric.at\/ueber-uns\/#primaryimage\"},\"image\":{\"@id\":\"https:\/\/new.gi-electric.at\/ueber-uns\/#primaryimage\"},\"thumbnailUrl\":\"https:\/\/new.gi-electric.at\/wp-content\/uploads\/2025\/07\/electricity-1968982_1280-1024x561.png\",\"datePublished\":\"2025-07-02T13:49:11+00:00\",\"dateModified\":\"2025-09-30T11:44:38+00:00\",\"breadcrumb\":{\"@id\":\"https:\/\/new.gi-electric.at\/ueber-uns\/#breadcrumb\"},\"inLanguage\":\"de-AT\",\"potentialAction\":[{\"@type\":\"ReadAction\",\"target\":[\"https:\/\/new.gi-electric.at\/ueber-uns\/\"]}]},{\"@type\":\"ImageObject\",\"inLanguage\":\"de-AT\",\"@id\":\"https:\/\/new.gi-electric.at\/ueber-uns\/#primaryimage\",\"url\":\"https:\/\/new.gi-electric.at\/wp-content\/uploads\/2025\/07\/electricity-1968982_1280-1024x561.png\",\"contentUrl\":\"https:\/\/new.gi-electric.at\/wp-content\/uploads\/2025\/07\/electricity-1968982_1280-1024x561.png\"},{\"@type\":\"BreadcrumbList\",\"@id\":\"https:\/\/new.gi-electric.at\/ueber-uns\/#breadcrumb\",\"itemListElement\":[{\"@type\":\"ListItem\",\"position\":1,\"name\":\"Startseite\",\"item\":\"https:\/\/new.gi-electric.at\/de_at\/\"},{\"@type\":\"ListItem\",\"position\":2,\"name\":\"\u00dcber uns\"}]},{\"@type\":\"WebSite\",\"@id\":\"https:\/\/new.gi-electric.at\/de_at\/#website\",\"url\":\"https:\/\/new.gi-electric.at\/de_at\/\",\"name\":\"Ihr Elektriker - Wir haben die L\u00f6sung !\",\"description\":\"In Raum Wien und Nieder\u00f6sterreich, Elektriker, Elektroarbeit, E-Befund, Pv-Anlage, Alarmanlage, zuverl\u00e4sslich, immer erreichbar\",\"publisher\":{\"@id\":\"https:\/\/new.gi-electric.at\/de_at\/#organization\"},\"potentialAction\":[{\"@type\":\"SearchAction\",\"target\":{\"@type\":\"EntryPoint\",\"urlTemplate\":\"https:\/\/new.gi-electric.at\/de_at\/?s={search_term_string}\"},\"query-input\":{\"@type\":\"PropertyValueSpecification\",\"valueRequired\":true,\"valueName\":\"search_term_string\"}}],\"inLanguage\":\"de-AT\"},{\"@type\":\"Organization\",\"@id\":\"https:\/\/new.gi-electric.at\/de_at\/#organization\",\"name\":\"Gi-Electric | Internic GMBH\",\"url\":\"https:\/\/new.gi-electric.at\/de_at\/\",\"logo\":{\"@type\":\"ImageObject\",\"inLanguage\":\"de-AT\",\"@id\":\"https:\/\/new.gi-electric.at\/de_at\/#\/schema\/logo\/image\/\",\"url\":\"https:\/\/new.gi-electric.at\/wp-content\/uploads\/2025\/07\/cropped-gixlogo-1.png\",\"contentUrl\":\"https:\/\/new.gi-electric.at\/wp-content\/uploads\/2025\/07\/cropped-gixlogo-1.png\",\"width\":124,\"height\":75,\"caption\":\"Gi-Electric | Internic GMBH\"},\"image\":{\"@id\":\"https:\/\/new.gi-electric.at\/de_at\/#\/schema\/logo\/image\/\"}}]}<\/script>\n<!-- \/ Yoast SEO plugin. -->","yoast_head_json":{"title":"\u00dcber uns - Ihr Elektriker - Wir haben die L\u00f6sung !","robots":{"index":"index","follow":"follow","max-snippet":"max-snippet:-1","max-image-preview":"max-image-preview:large","max-video-preview":"max-video-preview:-1"},"canonical":"https:\/\/new.gi-electric.at\/de_at\/ueber-uns\/","og_locale":"de_DE","og_type":"article","og_title":"\u00dcber uns - Ihr Elektriker - Wir haben die L\u00f6sung !","og_description":"\ud83d\udc68\u200d\ud83d\udd27\ud83d\udc69\u200d\ud83d\udd27\u00dcber uns GI Electric ist eine Marke der Internic Datenkommunikations GmbH und steht f\u00fcr innovative Elektrotechnik, moderne Smart Home-L\u00f6sungen und [&hellip;]","og_url":"https:\/\/new.gi-electric.at\/de_at\/ueber-uns\/","og_site_name":"Ihr Elektriker - Wir haben die L\u00f6sung !","article_modified_time":"2025-09-30T11:44:38+00:00","og_image":[{"width":1280,"height":701,"url":"https:\/\/new.gi-electric.at\/wp-content\/uploads\/2025\/07\/electricity-1968982_1280.png","type":"image\/png"}],"twitter_card":"summary_large_image","twitter_misc":{"Gesch\u00e4tzte Lesezeit":"1 Minute"},"schema":{"@context":"https:\/\/schema.org","@graph":[{"@type":"WebPage","@id":"https:\/\/new.gi-electric.at\/ueber-uns\/","url":"https:\/\/new.gi-electric.at\/ueber-uns\/","name":"\u00dcber uns - Ihr Elektriker - Wir haben die L\u00f6sung !","isPartOf":{"@id":"https:\/\/new.gi-electric.at\/de_at\/#website"},"primaryImageOfPage":{"@id":"https:\/\/new.gi-electric.at\/ueber-uns\/#primaryimage"},"image":{"@id":"https:\/\/new.gi-electric.at\/ueber-uns\/#primaryimage"},"thumbnailUrl":"https:\/\/new.gi-electric.at\/wp-content\/uploads\/2025\/07\/electricity-1968982_1280-1024x561.png","datePublished":"2025-07-02T13:49:11+00:00","dateModified":"2025-09-30T11:44:38+00:00","breadcrumb":{"@id":"https:\/\/new.gi-electric.at\/ueber-uns\/#breadcrumb"},"inLanguage":"de-AT","potentialAction":[{"@type":"ReadAction","target":["https:\/\/new.gi-electric.at\/ueber-uns\/"]}]},{"@type":"ImageObject","inLanguage":"de-AT","@id":"https:\/\/new.gi-electric.at\/ueber-uns\/#primaryimage","url":"https:\/\/new.gi-electric.at\/wp-content\/uploads\/2025\/07\/electricity-1968982_1280-1024x561.png","contentUrl":"https:\/\/new.gi-electric.at\/wp-content\/uploads\/2025\/07\/electricity-1968982_1280-1024x561.png"},{"@type":"BreadcrumbList","@id":"https:\/\/new.gi-electric.at\/ueber-uns\/#breadcrumb","itemListElement":[{"@type":"ListItem","position":1,"name":"Startseite","item":"https:\/\/new.gi-electric.at\/de_at\/"},{"@type":"ListItem","position":2,"name":"\u00dcber uns"}]},{"@type":"WebSite","@id":"https:\/\/new.gi-electric.at\/de_at\/#website","url":"https:\/\/new.gi-electric.at\/de_at\/","name":"Ihr Elektriker - Wir haben die L\u00f6sung !","description":"In Raum Wien und Nieder\u00f6sterreich, Elektriker, Elektroarbeit, E-Befund, Pv-Anlage, Alarmanlage, zuverl\u00e4sslich, immer erreichbar","publisher":{"@id":"https:\/\/new.gi-electric.at\/de_at\/#organization"},"potentialAction":[{"@type":"SearchAction","target":{"@type":"EntryPoint","urlTemplate":"https:\/\/new.gi-electric.at\/de_at\/?s={search_term_string}"},"query-input":{"@type":"PropertyValueSpecification","valueRequired":true,"valueName":"search_term_string"}}],"inLanguage":"de-AT"},{"@type":"Organization","@id":"https:\/\/new.gi-electric.at\/de_at\/#organization","name":"Gi-Electric | Internic GMBH","url":"https:\/\/new.gi-electric.at\/de_at\/","logo":{"@type":"ImageObject","inLanguage":"de-AT","@id":"https:\/\/new.gi-electric.at\/de_at\/#\/schema\/logo\/image\/","url":"https:\/\/new.gi-electric.at\/wp-content\/uploads\/2025\/07\/cropped-gixlogo-1.png","contentUrl":"https:\/\/new.gi-electric.at\/wp-content\/uploads\/2025\/07\/cropped-gixlogo-1.png","width":124,"height":75,"caption":"Gi-Electric | Internic GMBH"},"image":{"@id":"https:\/\/new.gi-electric.at\/de_at\/#\/schema\/logo\/image\/"}}]}},"jetpack_sharing_enabled":true,"_links":{"self":[{"href":"https:\/\/new.gi-electric.at\/de_at\/wp-json\/wp\/v2\/pages\/21","targetHints":{"allow":["GET"]}}],"collection":[{"href":"https:\/\/new.gi-electric.at\/de_at\/wp-json\/wp\/v2\/pages"}],"about":[{"href":"https:\/\/new.gi-electric.at\/de_at\/wp-json\/wp\/v2\/types\/page"}],"author":[{"embeddable":true,"href":"https:\/\/new.gi-electric.at\/de_at\/wp-json\/wp\/v2\/users\/1"}],"replies":[{"embeddable":true,"href":"https:\/\/new.gi-electric.at\/de_at\/wp-json\/wp\/v2\/comments?post=21"}],"version-history":[{"count":14,"href":"https:\/\/new.gi-electric.at\/de_at\/wp-json\/wp\/v2\/pages\/21\/revisions"}],"predecessor-version":[{"id":362,"href":"https:\/\/new.gi-electric.at\/de_at\/wp-json\/wp\/v2\/pages\/21\/revisions\/362"}],"wp:attachment":[{"href":"https:\/\/new.gi-electric.at\/de_at\/wp-json\/wp\/v2\/media?parent=21"}],"curies":[{"name":"wp","href":"https:\/\/api.w.org\/{rel}","templated":true}]}}